{"id":30,"date":"2019-12-30T14:00:35","date_gmt":"2019-12-30T14:00:35","guid":{"rendered":"https:\/\/www.hierojasarimaarit.fi\/?page_id=30"},"modified":"2023-06-29T18:21:19","modified_gmt":"2023-06-29T15:21:19","slug":"etusivu","status":"publish","type":"page","link":"https:\/\/www.hierojasarimaarit.fi\/","title":{"rendered":"Etusivu"},"content":{"rendered":"\n<div class=\"wp-block-group\"><div class=\"wp-block-group__inner-container is-layout-flow wp-block-group-is-layout-flow\">\n<div class=\"wp-block-media-text alignwide has-media-on-the-right is-stacked-on-mobile\" style=\"grid-template-columns:auto 31%\"><div class=\"wp-block-media-text__content\">\n<p>Olen Sari Korte-Eskola Korialta.<\/p>\n\n\n\n<p>Olen valmistunut hierojaksi v. 2005 ja koulutetuksi hierojaksi v. 2007.<\/p>\n\n\n\n<p>Yritykseni Hieroja Sari-Maarit olen perustanut elokuussa 2005 ja toiminut siit\u00e4 l\u00e4htien p\u00e4\u00e4toimisena hierojana.<\/p>\n\n\n\n<p>Klassisen hieronnan lis\u00e4ksi teen my\u00f6s Hot Stone &#8211; kuumakivihierontoja.<\/p>\n\n\n\n<p>Toimipisteeni sijaitsee Kausalassa.<\/p>\n<\/div><figure class=\"wp-block-media-text__media\"><img loading=\"lazy\" decoding=\"async\" width=\"768\" height=\"1024\" src=\"https:\/\/www.hierojasarimaarit.fi\/wp-content\/uploads\/2020\/01\/mustavalko-768x1024.png\" alt=\"\" class=\"wp-image-114 size-full\" srcset=\"https:\/\/www.hierojasarimaarit.fi\/wp-content\/uploads\/2020\/01\/mustavalko-768x1025.png 768w, https:\/\/www.hierojasarimaarit.fi\/wp-content\/uploads\/2020\/01\/mustavalko-225x300.png 225w, https:\/\/www.hierojasarimaarit.fi\/wp-content\/uploads\/2020\/01\/mustavalko-1151x1536.png 1151w, https:\/\/www.hierojasarimaarit.fi\/wp-content\/uploads\/2020\/01\/mustavalko-1535x2048.png 1535w, https:\/\/www.hierojasarimaarit.fi\/wp-content\/uploads\/2020\/01\/mustavalko.png 1550w\" sizes=\"auto, (max-width: 767px) 89vw, (max-width: 1000px) 54vw, (max-width: 1071px) 543px, 580px\" \/><\/figure><\/div>\n<\/div><\/div>\n","protected":false},"excerpt":{"rendered":"<p>Olen Sari Korte-Eskola Korialta. Olen valmistunut hierojaksi v. 2005 ja koulutetuksi hierojaksi v. 2007. Yritykseni Hieroja Sari-Maarit olen perustanut elokuussa 2005 ja toiminut siit\u00e4 l\u00e4htien p\u00e4\u00e4toimisena hierojana. Klassisen hieronnan lis\u00e4ksi teen my\u00f6s Hot Stone &#8211; kuumakivihierontoja. Toimipisteeni sijaitsee Kausalassa.<\/p>\n","protected":false},"author":1,"featured_media":0,"parent":0,"menu_order":0,"comment_status":"closed","ping_status":"closed","template":"","meta":{"footnotes":""},"class_list":["post-30","page","type-page","status-publish","hentry"],"_links":{"self":[{"href":"https:\/\/www.hierojasarimaarit.fi\/index.php?rest_route=\/wp\/v2\/pages\/30","targetHints":{"allow":["GET"]}}],"collection":[{"href":"https:\/\/www.hierojasarimaarit.fi\/index.php?rest_route=\/wp\/v2\/pages"}],"about":[{"href":"https:\/\/www.hierojasarimaarit.fi\/index.php?rest_route=\/wp\/v2\/types\/page"}],"author":[{"embeddable":true,"href":"https:\/\/www.hierojasarimaarit.fi\/index.php?rest_route=\/wp\/v2\/users\/1"}],"replies":[{"embeddable":true,"href":"https:\/\/www.hierojasarimaarit.fi\/index.php?rest_route=%2Fwp%2Fv2%2Fcomments&post=30"}],"version-history":[{"count":10,"href":"https:\/\/www.hierojasarimaarit.fi\/index.php?rest_route=\/wp\/v2\/pages\/30\/revisions"}],"predecessor-version":[{"id":145,"href":"https:\/\/www.hierojasarimaarit.fi\/index.php?rest_route=\/wp\/v2\/pages\/30\/revisions\/145"}],"wp:attachment":[{"href":"https:\/\/www.hierojasarimaarit.fi\/index.php?rest_route=%2Fwp%2Fv2%2Fmedia&parent=30"}],"curies":[{"name":"wp","href":"https:\/\/api.w.org\/{rel}","templated":true}]}}