{"id":62,"date":"2019-12-30T14:24:23","date_gmt":"2019-12-30T14:24:23","guid":{"rendered":"https:\/\/www.hierojasarimaarit.fi\/?page_id=62"},"modified":"2026-01-04T18:17:44","modified_gmt":"2026-01-04T16:17:44","slug":"hinnasto","status":"publish","type":"page","link":"https:\/\/www.hierojasarimaarit.fi\/?page_id=62","title":{"rendered":"Hinnasto ja aukioloajat"},"content":{"rendered":"\n<div class=\"wp-block-media-text alignwide has-media-on-the-right is-stacked-on-mobile is-vertically-aligned-top\" style=\"grid-template-columns:auto 46%\"><div class=\"wp-block-media-text__content\">\n<p class=\"has-text-align-left\"><strong>Klassinen hieronta:<\/strong><\/p>\n\n\n\n<ul class=\"wp-block-list\">\n<li>30min\u200335\u20ac<\/li>\n\n\n\n<li>45min\u200342\u20ac<\/li>\n\n\n\n<li>60min\u200348\u20ac<\/li>\n\n\n\n<li>90min\u200360\u20ac<\/li>\n<\/ul>\n\n\n\n<p class=\"has-text-align-left\"><strong>Hot Stone &#8211; kuumakivihieronta:<\/strong><\/p>\n\n\n\n<ul class=\"wp-block-list\">\n<li>60min\u200361\u20ac<\/li>\n\n\n\n<li>90min\u200373\u20ac<\/li>\n<\/ul>\n\n\n\n<p><strong>Saatavilla my\u00f6s lahjakortteja!<\/strong><\/p>\n\n\n\n<p><\/p>\n<\/div><figure class=\"wp-block-media-text__media\"><img loading=\"lazy\" decoding=\"async\" width=\"768\" height=\"1024\" src=\"https:\/\/www.hierojasarimaarit.fi\/wp-content\/uploads\/2020\/01\/IMG_20191125_200850-768x1024.jpg\" alt=\"\" class=\"wp-image-74 size-full\" srcset=\"https:\/\/www.hierojasarimaarit.fi\/wp-content\/uploads\/2020\/01\/IMG_20191125_200850-768x1024.jpg 768w, https:\/\/www.hierojasarimaarit.fi\/wp-content\/uploads\/2020\/01\/IMG_20191125_200850-225x300.jpg 225w, https:\/\/www.hierojasarimaarit.fi\/wp-content\/uploads\/2020\/01\/IMG_20191125_200850-1152x1536.jpg 1152w, https:\/\/www.hierojasarimaarit.fi\/wp-content\/uploads\/2020\/01\/IMG_20191125_200850-1536x2048.jpg 1536w, https:\/\/www.hierojasarimaarit.fi\/wp-content\/uploads\/2020\/01\/IMG_20191125_200850-scaled.jpg 1920w\" sizes=\"auto, (max-width: 767px) 89vw, (max-width: 1000px) 54vw, (max-width: 1071px) 543px, 580px\" \/><\/figure><\/div>\n\n\n\n<div class=\"wp-block-group\"><div class=\"wp-block-group__inner-container is-layout-flow wp-block-group-is-layout-flow\">\n<div class=\"wp-block-group\"><div class=\"wp-block-group__inner-container is-layout-flow wp-block-group-is-layout-flow\"><\/div><\/div>\n<\/div><\/div>\n\n\n\n<p><strong>P\u00e4\u00e4s\u00e4\u00e4nt\u00f6iset aukioloajat<\/strong>:<\/p>\n\n\n\n<ul class=\"wp-block-list\">\n<li>Ma :\u200312.00 &#8211; 20.00<\/li>\n\n\n\n<li>Ti :\u2003  9.00 &#8211; 17.00<\/li>\n\n\n\n<li>Ke :\u20039.00 &#8211; 17.00<\/li>\n\n\n\n<li>To :\u20039.00 &#8211; 17.00<\/li>\n\n\n\n<li>Pe :\u20039.00 &#8211; 14.00<\/li>\n\n\n\n<li>La :\u2003Suljettu<\/li>\n\n\n\n<li>Su :\u2003Suljettu<\/li>\n<\/ul>\n\n\n\n<p>Ajanvaraukset soittamalla tai tekstiviestill\u00e4.<\/p>\n\n\n\n<p>Maksuv\u00e4lineen\u00e4 k\u00e4y k\u00e4teinen, E-passi, Edenred ja Smartum.<\/p>\n\n\n\n<p>Hoidon aikana en vastaa puheluihin, mutta soitan takaisin heti kun mahdollista.<\/p>\n\n\n<div class=\"wp-block-image\">\n<figure class=\"aligncenter size-large\"><img loading=\"lazy\" decoding=\"async\" width=\"300\" height=\"100\" src=\"https:\/\/www.hierojasarimaarit.fi\/wp-content\/uploads\/2020\/01\/tervetuloa.png\" alt=\"\" class=\"wp-image-120\"\/><\/figure><\/div>","protected":false},"excerpt":{"rendered":"<p>P\u00e4\u00e4s\u00e4\u00e4nt\u00f6iset aukioloajat: Ajanvaraukset soittamalla tai tekstiviestill\u00e4. Maksuv\u00e4lineen\u00e4 k\u00e4y k\u00e4teinen, E-passi, Edenred ja Smartum. Hoidon aikana en vastaa puheluihin, mutta soitan takaisin heti kun mahdollista.<\/p>\n","protected":false},"author":1,"featured_media":0,"parent":0,"menu_order":0,"comment_status":"closed","ping_status":"closed","template":"","meta":{"footnotes":""},"class_list":["post-62","page","type-page","status-publish","hentry"],"_links":{"self":[{"href":"https:\/\/www.hierojasarimaarit.fi\/index.php?rest_route=\/wp\/v2\/pages\/62","targetHints":{"allow":["GET"]}}],"collection":[{"href":"https:\/\/www.hierojasarimaarit.fi\/index.php?rest_route=\/wp\/v2\/pages"}],"about":[{"href":"https:\/\/www.hierojasarimaarit.fi\/index.php?rest_route=\/wp\/v2\/types\/page"}],"author":[{"embeddable":true,"href":"https:\/\/www.hierojasarimaarit.fi\/index.php?rest_route=\/wp\/v2\/users\/1"}],"replies":[{"embeddable":true,"href":"https:\/\/www.hierojasarimaarit.fi\/index.php?rest_route=%2Fwp%2Fv2%2Fcomments&post=62"}],"version-history":[{"count":39,"href":"https:\/\/www.hierojasarimaarit.fi\/index.php?rest_route=\/wp\/v2\/pages\/62\/revisions"}],"predecessor-version":[{"id":212,"href":"https:\/\/www.hierojasarimaarit.fi\/index.php?rest_route=\/wp\/v2\/pages\/62\/revisions\/212"}],"wp:attachment":[{"href":"https:\/\/www.hierojasarimaarit.fi\/index.php?rest_route=%2Fwp%2Fv2%2Fmedia&parent=62"}],"curies":[{"name":"wp","href":"https:\/\/api.w.org\/{rel}","templated":true}]}}